{"id":5090,"date":"2025-11-26T00:24:23","date_gmt":"2025-11-25T22:24:23","guid":{"rendered":"https:\/\/www.eglutetis.lv\/products\/metala-eglu-stativs-l-13\/"},"modified":"2025-11-26T00:24:23","modified_gmt":"2025-11-25T22:24:23","slug":"metala-eglu-stativs-l-13","status":"publish","type":"product","link":"https:\/\/www.eglutetis.lv\/ru\/products\/metala-eglu-stativs-l-13\/","title":{"rendered":"Met\u0101la eg\u013cu stat\u012bvs L-13"},"content":{"rendered":"<p><span dir=\"auto\" style=\"vertical-align: inherit;\"><span dir=\"auto\" style=\"vertical-align: inherit;\">Met\u0101la eg\u013cu stat\u012bvs L ar \u016bdens trauku.<\/span><\/span><\/p>\n<p><span dir=\"auto\" style=\"vertical-align: inherit;\"><span dir=\"auto\" style=\"vertical-align: inherit;\">Stumbra diametr\u0101 l\u012bdz 13 cm.<\/span><\/span><\/p>\n<p><span dir=\"auto\" style=\"vertical-align: inherit;\"><span dir=\"auto\" style=\"vertical-align: inherit;\">Kr\u0101sojums \u2014 Melns ar bronzu.<\/span><\/span><\/p>\n","protected":false},"excerpt":{"rendered":"<p><span dir=\"auto\" style=\"vertical-align: inherit;\"><span dir=\"auto\" style=\"vertical-align: inherit;\">Met\u0101la eg\u013cu stat\u012bvs L ar \u016bdens trauku.<\/span><\/span><\/p>\n<p><span dir=\"auto\" style=\"vertical-align: inherit;\"><span dir=\"auto\" style=\"vertical-align: inherit;\">Stumbra diametr\u0101 l\u012bdz 13 cm.<\/span><\/span><\/p>\n<p><span dir=\"auto\" style=\"vertical-align: inherit;\"><span dir=\"auto\" style=\"vertical-align: inherit;\">Kr\u0101sojums \u2014 Melns ar bronzu.<\/span><\/span><\/p>\n","protected":false},"featured_media":5084,"template":"","meta":[],"product_brand":[],"product_cat":[125],"product_tag":[],"class_list":{"0":"post-5090","1":"product","2":"type-product","3":"status-publish","4":"has-post-thumbnail","6":"product_cat-125","8":"first","9":"instock","10":"taxable","11":"shipping-taxable","12":"product-type-variable"},"_links":{"self":[{"href":"https:\/\/www.eglutetis.lv\/ru\/wp-json\/wp\/v2\/product\/5090","targetHints":{"allow":["GET"]}}],"collection":[{"href":"https:\/\/www.eglutetis.lv\/ru\/wp-json\/wp\/v2\/product"}],"about":[{"href":"https:\/\/www.eglutetis.lv\/ru\/wp-json\/wp\/v2\/types\/product"}],"wp:featuredmedia":[{"embeddable":true,"href":"https:\/\/www.eglutetis.lv\/ru\/wp-json\/wp\/v2\/media\/5084"}],"wp:attachment":[{"href":"https:\/\/www.eglutetis.lv\/ru\/wp-json\/wp\/v2\/media?parent=5090"}],"wp:term":[{"taxonomy":"product_brand","embeddable":true,"href":"https:\/\/www.eglutetis.lv\/ru\/wp-json\/wp\/v2\/product_brand?post=5090"},{"taxonomy":"product_cat","embeddable":true,"href":"https:\/\/www.eglutetis.lv\/ru\/wp-json\/wp\/v2\/product_cat?post=5090"},{"taxonomy":"product_tag","embeddable":true,"href":"https:\/\/www.eglutetis.lv\/ru\/wp-json\/wp\/v2\/product_tag?post=5090"}],"curies":[{"name":"wp","href":"https:\/\/api.w.org\/{rel}","templated":true}]}}