{"id":5092,"date":"2025-11-26T00:12:43","date_gmt":"2025-11-25T22:12:43","guid":{"rendered":"https:\/\/www.eglutetis.lv\/products\/metala-eglu-stativs-m-11\/"},"modified":"2025-12-05T06:04:17","modified_gmt":"2025-12-05T04:04:17","slug":"metala-eglu-stativs-m-11","status":"publish","type":"product","link":"https:\/\/www.eglutetis.lv\/ru\/products\/metala-eglu-stativs-m-11\/","title":{"rendered":"Met\u0101la eg\u013cu stat\u012bvs M-11"},"content":{"rendered":"<p><span dir=\"auto\" style=\"vertical-align: inherit;\"><span dir=\"auto\" style=\"vertical-align: inherit;\">Met\u0101la eg\u013cu stat\u012bvs M ar \u016bdens trauku.<\/span><\/span><\/p>\n<p><span dir=\"auto\" style=\"vertical-align: inherit;\"><span dir=\"auto\" style=\"vertical-align: inherit;\">Stumbra diametr\u0101 l\u012bdz 11 cm.<\/span><\/span><\/p>\n<p><span dir=\"auto\" style=\"vertical-align: inherit;\"><span dir=\"auto\" style=\"vertical-align: inherit;\">Kr\u0101sojums \u2014 Melns ar zeltainu.<\/span><\/span><\/p>\n","protected":false},"excerpt":{"rendered":"<p><span dir=\"auto\" style=\"vertical-align: inherit;\">Met\u0101la eg\u013cu stat\u012bvs M ar \u016bdens trauku.<\/span><\/p>\n<p><span dir=\"auto\" style=\"vertical-align: inherit;\">Stumbra diametr\u0101 l\u012bdz 11 cm.<\/span><\/p>\n<p><span dir=\"auto\" style=\"vertical-align: inherit;\">Kr\u0101sojums \u2014 Melns ar zeltainu.<\/span><\/p>\n","protected":false},"featured_media":5073,"template":"","meta":[],"product_brand":[],"product_cat":[125],"product_tag":[157,158,159],"class_list":{"0":"post-5092","1":"product","2":"type-product","3":"status-publish","4":"has-post-thumbnail","6":"product_cat-125","7":"product_tag-egles-stativs","8":"product_tag-eglu-stativi","9":"product_tag-eglu-stativs-ar-udens-trauku","11":"first","12":"instock","13":"taxable","14":"shipping-taxable","15":"product-type-variable"},"_links":{"self":[{"href":"https:\/\/www.eglutetis.lv\/ru\/wp-json\/wp\/v2\/product\/5092","targetHints":{"allow":["GET"]}}],"collection":[{"href":"https:\/\/www.eglutetis.lv\/ru\/wp-json\/wp\/v2\/product"}],"about":[{"href":"https:\/\/www.eglutetis.lv\/ru\/wp-json\/wp\/v2\/types\/product"}],"wp:featuredmedia":[{"embeddable":true,"href":"https:\/\/www.eglutetis.lv\/ru\/wp-json\/wp\/v2\/media\/5073"}],"wp:attachment":[{"href":"https:\/\/www.eglutetis.lv\/ru\/wp-json\/wp\/v2\/media?parent=5092"}],"wp:term":[{"taxonomy":"product_brand","embeddable":true,"href":"https:\/\/www.eglutetis.lv\/ru\/wp-json\/wp\/v2\/product_brand?post=5092"},{"taxonomy":"product_cat","embeddable":true,"href":"https:\/\/www.eglutetis.lv\/ru\/wp-json\/wp\/v2\/product_cat?post=5092"},{"taxonomy":"product_tag","embeddable":true,"href":"https:\/\/www.eglutetis.lv\/ru\/wp-json\/wp\/v2\/product_tag?post=5092"}],"curies":[{"name":"wp","href":"https:\/\/api.w.org\/{rel}","templated":true}]}}